{"id":5059,"date":"2022-01-25T21:33:23","date_gmt":"2022-01-25T21:33:23","guid":{"rendered":"https:\/\/relajatuvida.com.mx\/?post_type=product&#038;p=5059"},"modified":"2024-07-13T02:30:23","modified_gmt":"2024-07-13T02:30:23","slug":"masaje-sueco","status":"publish","type":"product","link":"https:\/\/relajatuvida.com.mx\/index.php\/producto\/masaje-sueco\/","title":{"rendered":"Masaje Sueco"},"content":{"rendered":"<p>Masaje que consiste en la aplicaci\u00f3n de movimientos suaves o fuertes en el cuerpo, Usa varias manipulaciones (Effleurage, Petrissage, Fricciones, Vibraciones, Golpeteos) que dan como resultado el relajamiento muscular, mejoran la circulaci\u00f3n, alivian el dolor debido a la tensi\u00f3n muscular, ayudan a recuperarse a los tejidos musculares, estimulan la piel y los nervios y reducen el estr\u00e9s.<\/p>\n<p>Duraci\u00f3n: 1 hora con 20 minutos.<\/p>\n","protected":false},"excerpt":{"rendered":"<p>Masaje que consiste en la aplicaci\u00f3n de movimientos suaves o fuertes en el cuerpo, y te ayuda a recuperarse a los tejidos musculares, estimulan la piel y los nervios y reducen el estr\u00e9s.<\/p>\n","protected":false},"featured_media":5076,"comment_status":"open","ping_status":"closed","template":"","meta":{"_seopress_robots_primary_cat":"none","_seopress_titles_title":"","_seopress_titles_desc":"","_seopress_robots_index":"","_et_pb_use_builder":"","_et_pb_old_content":"","_et_gb_content_width":"","_monsterinsights_skip_tracking":false,"_monsterinsights_sitenote_active":false,"_monsterinsights_sitenote_note":"","_monsterinsights_sitenote_category":0},"product_brand":[],"product_cat":[70],"product_tag":[69,74,75],"class_list":{"0":"post-5059","1":"product","2":"type-product","3":"status-publish","4":"has-post-thumbnail","6":"product_cat-masajes-que-benefician-a-la-relajacion-muscular","7":"product_tag-masaje-terapeutico","8":"product_tag-quita-contracturas","9":"product_tag-relajacion-muscular","10":"pif-has-gallery","12":"first","13":"instock","14":"featured","15":"virtual","16":"purchasable","17":"product-type-simple"},"jetpack_sharing_enabled":true,"_links":{"self":[{"href":"https:\/\/relajatuvida.com.mx\/index.php\/wp-json\/wp\/v2\/product\/5059","targetHints":{"allow":["GET"]}}],"collection":[{"href":"https:\/\/relajatuvida.com.mx\/index.php\/wp-json\/wp\/v2\/product"}],"about":[{"href":"https:\/\/relajatuvida.com.mx\/index.php\/wp-json\/wp\/v2\/types\/product"}],"replies":[{"embeddable":true,"href":"https:\/\/relajatuvida.com.mx\/index.php\/wp-json\/wp\/v2\/comments?post=5059"}],"wp:featuredmedia":[{"embeddable":true,"href":"https:\/\/relajatuvida.com.mx\/index.php\/wp-json\/wp\/v2\/media\/5076"}],"wp:attachment":[{"href":"https:\/\/relajatuvida.com.mx\/index.php\/wp-json\/wp\/v2\/media?parent=5059"}],"wp:term":[{"taxonomy":"product_brand","embeddable":true,"href":"https:\/\/relajatuvida.com.mx\/index.php\/wp-json\/wp\/v2\/product_brand?post=5059"},{"taxonomy":"product_cat","embeddable":true,"href":"https:\/\/relajatuvida.com.mx\/index.php\/wp-json\/wp\/v2\/product_cat?post=5059"},{"taxonomy":"product_tag","embeddable":true,"href":"https:\/\/relajatuvida.com.mx\/index.php\/wp-json\/wp\/v2\/product_tag?post=5059"}],"curies":[{"name":"wp","href":"https:\/\/api.w.org\/{rel}","templated":true}]}}