{"id":5066,"date":"2022-01-25T21:33:23","date_gmt":"2022-01-25T21:33:23","guid":{"rendered":"https:\/\/relajatuvida.com.mx\/?post_type=product&#038;p=5066"},"modified":"2024-07-13T02:30:23","modified_gmt":"2024-07-13T02:30:23","slug":"consulta-de-acupunutra","status":"publish","type":"product","link":"https:\/\/relajatuvida.com.mx\/index.php\/producto\/consulta-de-acupunutra\/","title":{"rendered":"Consulta de Acupunutra"},"content":{"rendered":"<p>La acupuntura es parte del mundo actual, y es parte de la medicina alternativa de hoy, que fue creada en la antig\u00fcedad, la fe de la persona que solicita una consulta de acupuntura para sentirse mejor, y librarse de una enfermedad o un mal que afecte la salud de la persona.<\/p>\n<p>La transmisi\u00f3n de los conocimientos desde la antig\u00fcedad que han logrado que muchas personas ayuden a otras\u00a0 personas, que se\u00a0 sientan mejor.<\/p>\n<p>Cada punto de acupuntura, tiene una conexi\u00f3n en cada parte de nuestro cuerpo, que hacen por medio de los impulsos el\u00e9ctricos de nuestro cuerpo se reactiven o a arreglen lo que no esta funcionando. La acupuntura es una gu\u00eda para ayudar a curar nuestro cuerpo,\u00a0 se le puede llamar de una forma misteriosa que no entendemos pero funciona.<\/p>\n","protected":false},"excerpt":{"rendered":"<p>La acupuntura y sus secretos, de como puedo ayudar a una persona a sentirse mejor, cada punto de acupuntura de cada meridiano, en el cual parece que guarda la informaci\u00f3n de como curar cada parte del cuerpo. Que desde la antig\u00fcedad desde que la medicina china existe, en el cual hay un encuentro entre la naturaleza, lo que sentimos, y nuestro cuerpo. Lo m\u00edstico y la realidad de la medicina china, que puede hacer mucho bien las personas buscando el equilibrio de la mente, el cuerpo y el esp\u00edritu.<\/p>\n","protected":false},"featured_media":5103,"comment_status":"open","ping_status":"closed","template":"","meta":{"_seopress_robots_primary_cat":"none","_seopress_titles_title":"","_seopress_titles_desc":"","_seopress_robots_index":"","_et_pb_use_builder":"","_et_pb_old_content":"","_et_gb_content_width":"","_monsterinsights_skip_tracking":false,"_monsterinsights_sitenote_active":false,"_monsterinsights_sitenote_note":"","_monsterinsights_sitenote_category":0},"product_brand":[],"product_cat":[66],"product_tag":[],"class_list":{"0":"post-5066","1":"product","2":"type-product","3":"status-publish","4":"has-post-thumbnail","6":"product_cat-acupuntura","7":"pif-has-gallery","9":"first","10":"instock","11":"featured","12":"virtual","13":"purchasable","14":"product-type-simple"},"jetpack_sharing_enabled":true,"_links":{"self":[{"href":"https:\/\/relajatuvida.com.mx\/index.php\/wp-json\/wp\/v2\/product\/5066","targetHints":{"allow":["GET"]}}],"collection":[{"href":"https:\/\/relajatuvida.com.mx\/index.php\/wp-json\/wp\/v2\/product"}],"about":[{"href":"https:\/\/relajatuvida.com.mx\/index.php\/wp-json\/wp\/v2\/types\/product"}],"replies":[{"embeddable":true,"href":"https:\/\/relajatuvida.com.mx\/index.php\/wp-json\/wp\/v2\/comments?post=5066"}],"wp:featuredmedia":[{"embeddable":true,"href":"https:\/\/relajatuvida.com.mx\/index.php\/wp-json\/wp\/v2\/media\/5103"}],"wp:attachment":[{"href":"https:\/\/relajatuvida.com.mx\/index.php\/wp-json\/wp\/v2\/media?parent=5066"}],"wp:term":[{"taxonomy":"product_brand","embeddable":true,"href":"https:\/\/relajatuvida.com.mx\/index.php\/wp-json\/wp\/v2\/product_brand?post=5066"},{"taxonomy":"product_cat","embeddable":true,"href":"https:\/\/relajatuvida.com.mx\/index.php\/wp-json\/wp\/v2\/product_cat?post=5066"},{"taxonomy":"product_tag","embeddable":true,"href":"https:\/\/relajatuvida.com.mx\/index.php\/wp-json\/wp\/v2\/product_tag?post=5066"}],"curies":[{"name":"wp","href":"https:\/\/api.w.org\/{rel}","templated":true}]}}