{"id":5067,"date":"2022-01-25T21:33:23","date_gmt":"2022-01-25T21:33:23","guid":{"rendered":"https:\/\/relajatuvida.com.mx\/?post_type=product&#038;p=5067"},"modified":"2024-08-14T16:19:39","modified_gmt":"2024-08-14T16:19:39","slug":"auriculoterapia","status":"publish","type":"product","link":"https:\/\/relajatuvida.com.mx\/index.php\/producto\/auriculoterapia\/","title":{"rendered":"Auriculoterapia"},"content":{"rendered":"<p style=\"text-align: justify;\">La auriculoterapia puede ayudar en mucho a una persona, para que se sienta mejor. Cada punto de la oreja puede controlar una necesidad, o el hacer que una parte del cuerpo funcione mejor.<\/p>\n<p style=\"text-align: justify;\">En la actualidad la auriculoterapia se usa para tratar diferentes problemas de salud, diagnosticado por los doctores, y puede ser \u00fatil cuando la persona busca una alternativa.<\/p>\n<p style=\"text-align: justify;\">Al igual que la acupuntura, si es importante tener un diagn\u00f3stico m\u00e9dico, y realizar el tratamiento m\u00e1s certero.<\/p>\n<p style=\"text-align: justify;\">En la entrevista, o el llenar la hoja cl\u00ednica es importante para saber el motivo de la consulta y ver los diferentes puntos a tratar.<\/p>\n<p style=\"text-align: justify;\">Los puntos de la oreja representan un \u00f3rgano, o una parte del cuerpo, o a una emoci\u00f3n, todo esto puede ayudar a una persona a sentirse mejor.<\/p>\n<p style=\"text-align: justify;\">El uso mas com\u00fan de la auriculoterapia es para bajar de peso. Pero existen m\u00e1s de 120 tratamientos estudiados que funcionan para tratar algunos problemas de salud.<\/p>\n<p style=\"text-align: justify;\">El uso de balines, semillas, tachuelas, o incluso agujas de acupuntura para llevar a cabo el tratamiento, y el tratamiento se escoge lo mejor para la persona. El m\u00e1s com\u00fan es el uso de semillas o balines.<\/p>\n<p>&nbsp;<\/p>\n<p>&nbsp;<\/p>\n","protected":false},"excerpt":{"rendered":"<p style=\"text-align: justify;\">La auriculoterapia siendo una rama de la acupuntura, que desde la antig\u00fcedad se utilizo como un tratamiento importante como parte de la acupuntura.<\/p>\n<p style=\"text-align: justify;\">Que en el siglo pasado\u00a0 Dr. Paul Nogier crea una cartograf\u00eda detallada del pabell\u00f3n auricular. Y crea la medicina auricular.<\/p>\n<p style=\"text-align: justify;\">Este tratamiento al igual que la reflexolog\u00eda toca todos los puntos del cuerpo desde la oreja,\u00a0 pero de una forma diferente ya que esta ligada a la acupuntura.<\/p>\n","protected":false},"featured_media":5108,"comment_status":"open","ping_status":"closed","template":"","meta":{"_seopress_robots_primary_cat":"none","_seopress_titles_title":"","_seopress_titles_desc":"","_seopress_robots_index":"","_et_pb_use_builder":"","_et_pb_old_content":"","_et_gb_content_width":"","_monsterinsights_skip_tracking":false,"_monsterinsights_sitenote_active":false,"_monsterinsights_sitenote_note":"","_monsterinsights_sitenote_category":0},"product_brand":[],"product_cat":[66],"product_tag":[],"class_list":{"0":"post-5067","1":"product","2":"type-product","3":"status-publish","4":"has-post-thumbnail","6":"product_cat-acupuntura","7":"pif-has-gallery","9":"first","10":"instock","11":"featured","12":"virtual","13":"purchasable","14":"product-type-simple"},"jetpack_sharing_enabled":true,"_links":{"self":[{"href":"https:\/\/relajatuvida.com.mx\/index.php\/wp-json\/wp\/v2\/product\/5067","targetHints":{"allow":["GET"]}}],"collection":[{"href":"https:\/\/relajatuvida.com.mx\/index.php\/wp-json\/wp\/v2\/product"}],"about":[{"href":"https:\/\/relajatuvida.com.mx\/index.php\/wp-json\/wp\/v2\/types\/product"}],"replies":[{"embeddable":true,"href":"https:\/\/relajatuvida.com.mx\/index.php\/wp-json\/wp\/v2\/comments?post=5067"}],"wp:featuredmedia":[{"embeddable":true,"href":"https:\/\/relajatuvida.com.mx\/index.php\/wp-json\/wp\/v2\/media\/5108"}],"wp:attachment":[{"href":"https:\/\/relajatuvida.com.mx\/index.php\/wp-json\/wp\/v2\/media?parent=5067"}],"wp:term":[{"taxonomy":"product_brand","embeddable":true,"href":"https:\/\/relajatuvida.com.mx\/index.php\/wp-json\/wp\/v2\/product_brand?post=5067"},{"taxonomy":"product_cat","embeddable":true,"href":"https:\/\/relajatuvida.com.mx\/index.php\/wp-json\/wp\/v2\/product_cat?post=5067"},{"taxonomy":"product_tag","embeddable":true,"href":"https:\/\/relajatuvida.com.mx\/index.php\/wp-json\/wp\/v2\/product_tag?post=5067"}],"curies":[{"name":"wp","href":"https:\/\/api.w.org\/{rel}","templated":true}]}}