{"id":6380,"date":"2023-02-23T04:12:46","date_gmt":"2023-02-23T04:12:46","guid":{"rendered":"https:\/\/relajatuvida.com.mx\/?post_type=product&#038;p=6380"},"modified":"2023-02-23T04:12:46","modified_gmt":"2023-02-23T04:12:46","slug":"masaje-lomi-lomi","status":"publish","type":"product","link":"https:\/\/relajatuvida.com.mx\/index.php\/producto\/masaje-lomi-lomi\/","title":{"rendered":"Masaje Lomi Lomi"},"content":{"rendered":"<p>La t\u00e9cnica de masaje con 4,000 a\u00f1os de antig\u00fcedad de origen hawaiano.<\/p>\n<p>El \u00fanico de los masajes que se usa aceite de coco al aplicarlo.<\/p>\n<p>Los movimientos suaves y arm\u00f3nicos, con una presi\u00f3n fuerte ayudan a relajar el cuerpo , a reducir el estr\u00e9s y la ansiedad,\u00a0 a que fluya el sistema linf\u00e1tico por los movimientos lentos.<\/p>\n<p>Es un masaje casi de cuerpo completo en el cual se combinan movimientos con antebrazo, palmas y codo, y en la cabeza se usan las yemas de los dedos\u00a0 para relajar los m\u00fasculos de la cabeza.<\/p>\n<p>Los beneficios del masaje es reducir el estr\u00e9s y la ansiedad, quitar dolores musculares liberando la tensi\u00f3n muscular, estrechando los m\u00fasculos y movilizando las articulaciones.<\/p>\n<p>&nbsp;<\/p>\n","protected":false},"excerpt":{"rendered":"<p>Si te gustan los masajes fuertes como el de Tejido profundo. El masaje Lomi Lomi es el mejor masaje para liberar la tensi\u00f3n muscular y el estr\u00e9s<\/p>\n","protected":false},"featured_media":6383,"comment_status":"open","ping_status":"closed","template":"","meta":{"_seopress_robots_primary_cat":"none","_seopress_titles_title":"","_seopress_titles_desc":"","_seopress_robots_index":"","_et_pb_use_builder":"","_et_pb_old_content":"","_et_gb_content_width":"","_monsterinsights_skip_tracking":false,"_monsterinsights_sitenote_active":false,"_monsterinsights_sitenote_note":"","_monsterinsights_sitenote_category":0},"product_brand":[],"product_cat":[70],"product_tag":[],"class_list":{"0":"post-6380","1":"product","2":"type-product","3":"status-publish","4":"has-post-thumbnail","6":"product_cat-masajes-que-benefician-a-la-relajacion-muscular","7":"pif-has-gallery","9":"first","10":"instock","11":"shipping-taxable","12":"purchasable","13":"product-type-simple"},"jetpack_sharing_enabled":true,"_links":{"self":[{"href":"https:\/\/relajatuvida.com.mx\/index.php\/wp-json\/wp\/v2\/product\/6380","targetHints":{"allow":["GET"]}}],"collection":[{"href":"https:\/\/relajatuvida.com.mx\/index.php\/wp-json\/wp\/v2\/product"}],"about":[{"href":"https:\/\/relajatuvida.com.mx\/index.php\/wp-json\/wp\/v2\/types\/product"}],"replies":[{"embeddable":true,"href":"https:\/\/relajatuvida.com.mx\/index.php\/wp-json\/wp\/v2\/comments?post=6380"}],"wp:featuredmedia":[{"embeddable":true,"href":"https:\/\/relajatuvida.com.mx\/index.php\/wp-json\/wp\/v2\/media\/6383"}],"wp:attachment":[{"href":"https:\/\/relajatuvida.com.mx\/index.php\/wp-json\/wp\/v2\/media?parent=6380"}],"wp:term":[{"taxonomy":"product_brand","embeddable":true,"href":"https:\/\/relajatuvida.com.mx\/index.php\/wp-json\/wp\/v2\/product_brand?post=6380"},{"taxonomy":"product_cat","embeddable":true,"href":"https:\/\/relajatuvida.com.mx\/index.php\/wp-json\/wp\/v2\/product_cat?post=6380"},{"taxonomy":"product_tag","embeddable":true,"href":"https:\/\/relajatuvida.com.mx\/index.php\/wp-json\/wp\/v2\/product_tag?post=6380"}],"curies":[{"name":"wp","href":"https:\/\/api.w.org\/{rel}","templated":true}]}}